{"id":216,"date":"2020-09-14T15:36:15","date_gmt":"2020-09-14T13:36:15","guid":{"rendered":"http:\/\/www.chesi.it\/?page_id=216"},"modified":"2021-10-29T18:38:11","modified_gmt":"2021-10-29T16:38:11","slug":"centralini-telefonici-in-cloud","status":"publish","type":"page","link":"http:\/\/www.chesi.it\/?page_id=216","title":{"rendered":"Centralini Telefonici in Cloud"},"content":{"rendered":"\n<p><a href=\"https:\/\/www.welcomeitalia.it\/it\/vianova\/centrex\/\">Vianova Centrex<sup>WIP<\/sup><\/a> \u00e8 una piattaforma Multitenant <strong>dedicata ai <a href=\"https:\/\/corporate.welcomeitalia.it\/it\/una-rete-di-imprese\/\">Partner<\/a><\/strong> di Welcome Italia per fornire centralini telefonici in cloud. <\/p>\n\n\n\n<p>La piattaforma ci permette di fornire ai clienti Vianova un servizio di Cloud PBX che si adatta alle <strong>imprese di ogni dimensione e complessit\u00e0<\/strong>: dalla grande organizzazione con migliaia di utenti che necessita di integrazioni e di personalizzazioni, al call center, all\u2019hotel, al negozio o al piccolo studio professionale.<\/p>\n\n\n\n<p>Ogni Cliente dispone di tutte le funzionalit\u00e0 di un PBX evoluto con in pi\u00f9 la <strong>flessibilit\u00e0<\/strong>, la <strong>scalabilit\u00e0<\/strong> e la <strong>sicurezza<\/strong> di una soluzione in <strong>Cloud<\/strong> garantita da Welcome Italia.<br>Il centralino in cloud sfrutta la convergenza fisso-mobile e, grazie all\u2019integrazione con <a href=\"https:\/\/www.welcomeitalia.it\/it\/servizi-mobile\/vianova-app\/\">l\u2019applicazione<\/a><strong><\/strong> sia per android che Ios, permette di utilizzare il proprio <strong>interno aziendale sullo smartphone<\/strong><\/p>\n\n\n\n<p>Grazie alle competenze tecniche, all\u2019esperienza sul campo siamo in grado di erogare, in totale autonomia, le migliori soluzioni di progettazione, vendita, noleggio, installazione e manutenzione del servizio di Cloud PBX basate su piattaforma Vianova Centrex<sup>WIP<\/sup>.<\/p>\n\n\n\n<p>Il centralino telefonico cloud \u00e8 :<\/p>\n\n\n\n<ul><li>adatto ad ogni tipologia di azienda<\/li><li>nessuna obsolescenza<\/li><li>scalabile quindi se serve un nuovo interno non mi devo preoccupare di avere hardware<\/li><li>sempre aggiornato con nuovi servizi implementati<\/li><li>totale integrazione mobile\/fisso<\/li><li>piena compatibilit\u00e0 con app Vianova di Welcome Italia per avere un interno sul proprio smartphone<\/li><li>flessibilit\u00e0 e sicurezza<\/li><li>Essendo <strong>partner di Welcome Italia<\/strong> siamo in grado di risolvere oltre alle problematiche locali anche eventuali disservizi sulla rete<\/li><\/ul>\n\n\n\n<p><\/p>\n\n\n\n<p>per maggiori info:<\/p>\n\n\n\n<p><a href=\"https:\/\/www.vianova.it\/offerta-fisso\/servizi\/centralino-telefonico-centrex-cloud\/\">https:\/\/www.vianova.it\/offerta-fisso\/servizi\/centralino-telefonico-centrex-cloud\/<\/a><\/p>\n","protected":false},"excerpt":{"rendered":"<p>Vianova CentrexWIP \u00e8 una piattaforma Multitenant dedicata ai Partner di Welcome Italia per fornire centralini telefonici in cloud. La piattaforma ci permette di fornire ai clienti Vianova un servizio di Cloud PBX che si adatta alle imprese di ogni dimensione e complessit\u00e0: dalla grande organizzazione con migliaia di utenti che necessita di integrazioni e di &hellip; <\/p>\n<p class=\"link-more\"><a href=\"http:\/\/www.chesi.it\/?page_id=216\" class=\"more-link\">Leggi tutto<span class=\"screen-reader-text\"> &#8220;Centralini Telefonici in Cloud&#8221;<\/span><\/a><\/p>\n","protected":false},"author":1,"featured_media":224,"parent":0,"menu_order":0,"comment_status":"closed","ping_status":"closed","template":"","meta":[],"_links":{"self":[{"href":"http:\/\/www.chesi.it\/index.php?rest_route=\/wp\/v2\/pages\/216"}],"collection":[{"href":"http:\/\/www.chesi.it\/index.php?rest_route=\/wp\/v2\/pages"}],"about":[{"href":"http:\/\/www.chesi.it\/index.php?rest_route=\/wp\/v2\/types\/page"}],"author":[{"embeddable":true,"href":"http:\/\/www.chesi.it\/index.php?rest_route=\/wp\/v2\/users\/1"}],"replies":[{"embeddable":true,"href":"http:\/\/www.chesi.it\/index.php?rest_route=%2Fwp%2Fv2%2Fcomments&post=216"}],"version-history":[{"count":4,"href":"http:\/\/www.chesi.it\/index.php?rest_route=\/wp\/v2\/pages\/216\/revisions"}],"predecessor-version":[{"id":222,"href":"http:\/\/www.chesi.it\/index.php?rest_route=\/wp\/v2\/pages\/216\/revisions\/222"}],"wp:featuredmedia":[{"embeddable":true,"href":"http:\/\/www.chesi.it\/index.php?rest_route=\/wp\/v2\/media\/224"}],"wp:attachment":[{"href":"http:\/\/www.chesi.it\/index.php?rest_route=%2Fwp%2Fv2%2Fmedia&parent=216"}],"curies":[{"name":"wp","href":"https:\/\/api.w.org\/{rel}","templated":true}]}}